{"id":3,"date":"2023-01-17T10:09:24","date_gmt":"2023-01-17T09:09:24","guid":{"rendered":"https:\/\/www.jakobpoeltlcamp.com\/?page_id=3"},"modified":"2025-03-17T10:46:39","modified_gmt":"2025-03-17T09:46:39","slug":"datenschutzerklaerung","status":"publish","type":"page","link":"https:\/\/www.jakobpoeltlcamp.com\/?page_id=3","title":{"rendered":"Datenschutzerkl\u00e4rung"},"content":{"rendered":"\n<p>Der sorgf\u00e4ltige Umgang mit Ihren Daten und den Daten des angemeldeten Kindes ist uns wichtig! Die Datenverarbeitung erfolgt nur mit Ihrer Einwilligung und zu den vereinbarten Zwecken. Wenn Sie per Formular auf der Website oder per E-Mail mit uns Kontakt aufnehmen, werden Ihre angegebenen Daten in einem Google-Formular an den Camp-Veranstalter Vienna Timberwolves weitergeleitet und dort zwecks Bearbeitung der Anfrage und f\u00fcr den Fall von Anschlussfragen bis zur vollst\u00e4ndigen Erf\u00fcllung des Vertrags (Abwicklung des ausgeschriebenen Camps) gespeichert. Eine Daten\u00fcbermittlung durch den Camp-Veranstalter an Dritte erfolgt nicht, mit Ausnahme im Rahmen der Rechnungspr\u00fcfung. Eine Weiterleitung Ihrer Daten erfolgt ausschlie\u00dflich im Einklang mit der DSGVO. Etwaige gesundheitsbezogene Daten, die sie freiwillig angegeben, dienen der Sicherheit Ihres Kindes (Allergien, Unvertr\u00e4glichkeiten etc.) und werden ausschlie\u00dflich dem Betreuer-Team im Rahmen des Camps zur Verf\u00fcgung gestellt.<br>\u00a0<br>Alle Daten dienen nur f\u00fcr interne Zwecke und zur Information bzw. Kommunikation mit den gesetzlichen Vertretern der Camp-Teilnehmerinnen und -Teilnehmer. Der Schutz Ihrer Daten erfolgt durch entsprechende organisatorische und technische Vorkehrungen. Ungeachtet dieser Bem\u00fchungen kann nicht ausgeschlossen werden, dass Informationen, die Sie uns \u00fcber das Internet bekannt geben, von anderen Personen eingesehen und genutzt werden. Wir \u00fcbernehmen daher keinerlei Haftung f\u00fcr die Offenlegung von Informationen aufgrund nicht von uns verursachter Fehler bei der Daten\u00fcbertragung und\/oder unautorisiertem Zugriff durch Dritte (z.B. Hackerangriffe auf E-Mail Accounts).<br>\u00a0<br>Ihnen stehen bez\u00fcglich Ihrer gespeicherten Daten grunds\u00e4tzlich die Rechte auf Auskunft, Berichtigung, L\u00f6schung, Einschr\u00e4nkung, Daten\u00fcbertragbarkeit, Widerruf und Widerspruch zu. Wenn Sie glauben, dass die Verarbeitung Ihrer Daten gegen das Datenschutzrecht verst\u00f6\u00dft oder Ihre datenschutzrechtlichen Anspr\u00fcche sonst in einer Weise verletzt worden sind, k\u00f6nnen Sie sich bei Vienna Timberwolves (<a href=\"mailto:camp@viennatimberwolves.at\">camp@viennatimberwolves.at<\/a>) oder der Datenschutzbeh\u00f6rde (<a href=\"http:\/\/www.dsb.gv.at\">http:\/\/www.dsb.gv.at<\/a>) beschweren.<\/p>\n","protected":false},"excerpt":{"rendered":"<p>Der sorgf\u00e4ltige Umgang mit Ihren Daten und den Daten des angemeldeten Kindes ist uns wichtig! Die Datenverarbeitung erfolgt nur mit Ihrer Einwilligung und zu den vereinbarten Zwecken. Wenn Sie per Formular auf der Website oder per E-Mail mit uns Kontakt aufnehmen, werden Ihre angegebenen Daten in einem Google-Formular an den Camp-Veranstalter Vienna Timberwolves weitergeleitet und [&hellip;]<\/p>\n","protected":false},"author":2,"featured_media":0,"parent":0,"menu_order":0,"comment_status":"closed","ping_status":"closed","template":"","meta":{"footnotes":""},"class_list":["post-3","page","type-page","status-publish","hentry"],"_links":{"self":[{"href":"https:\/\/www.jakobpoeltlcamp.com\/index.php?rest_route=\/wp\/v2\/pages\/3","targetHints":{"allow":["GET"]}}],"collection":[{"href":"https:\/\/www.jakobpoeltlcamp.com\/index.php?rest_route=\/wp\/v2\/pages"}],"about":[{"href":"https:\/\/www.jakobpoeltlcamp.com\/index.php?rest_route=\/wp\/v2\/types\/page"}],"author":[{"embeddable":true,"href":"https:\/\/www.jakobpoeltlcamp.com\/index.php?rest_route=\/wp\/v2\/users\/2"}],"replies":[{"embeddable":true,"href":"https:\/\/www.jakobpoeltlcamp.com\/index.php?rest_route=%2Fwp%2Fv2%2Fcomments&post=3"}],"version-history":[{"count":4,"href":"https:\/\/www.jakobpoeltlcamp.com\/index.php?rest_route=\/wp\/v2\/pages\/3\/revisions"}],"predecessor-version":[{"id":276,"href":"https:\/\/www.jakobpoeltlcamp.com\/index.php?rest_route=\/wp\/v2\/pages\/3\/revisions\/276"}],"wp:attachment":[{"href":"https:\/\/www.jakobpoeltlcamp.com\/index.php?rest_route=%2Fwp%2Fv2%2Fmedia&parent=3"}],"curies":[{"name":"wp","href":"https:\/\/api.w.org\/{rel}","templated":true}]}}